{"id":2600,"date":"2009-11-30T13:30:17","date_gmt":"2009-11-30T12:30:17","guid":{"rendered":"http:\/\/francescophoto.wordpress.com\/?page_id=2600"},"modified":"2009-11-30T13:30:17","modified_gmt":"2009-11-30T12:30:17","slug":"canon-7d-crop-al-100","status":"publish","type":"page","link":"https:\/\/francescophoto.it\/blog\/canon-7d-crop-al-100\/","title":{"rendered":"Canon 7D crop al 100 %"},"content":{"rendered":"<p>Inserisco in questa pagina i crop al 100 % dalle foto originali per chi per lentezza del collegamento o per motivi di tempo non pu\u00f2 o non vuole scaricarsi le foto in formato pieno, ma vuole valutarne la qualit\u00e0<\/p>\n<p>Avverto per\u00f2 che la foto intera a formato pieno, con le dimensioni visualizzate sul monitor, corrisponde ad una dimensione di circa 150&#215;100 cm e foto di questa grandezza non si guardano certo dai 40-50 cm dai quali si guarda un monitor, ma da almeno 2 metri o pi\u00f9 di distanza. I difetti e il rumore che si vedono sono nella realt\u00e0 molto attenuati dalla distanza di osservazione.<\/p>\n<figure id=\"attachment_2654\" aria-describedby=\"caption-attachment-2654\" style=\"width: 400px\" class=\"wp-caption alignnone\"><a href=\"http:\/\/blog.francescophoto.it\/wp-content\/uploads\/2009\/11\/img_8042-n5-800-c2.jpg\"><img loading=\"lazy\" decoding=\"async\" class=\"size-full wp-image-2654\" title=\"IMG_8042-n5-800-c2\" src=\"http:\/\/blog.francescophoto.it\/wp-content\/uploads\/2009\/11\/img_8042-n5-800-c2.jpg\" alt=\"\" width=\"400\" height=\"400\" \/><\/a><figcaption id=\"caption-attachment-2654\" class=\"wp-caption-text\">800 Iso<\/figcaption><\/figure>\n<figure id=\"attachment_2655\" aria-describedby=\"caption-attachment-2655\" style=\"width: 400px\" class=\"wp-caption alignnone\"><a href=\"http:\/\/blog.francescophoto.it\/wp-content\/uploads\/2009\/11\/img_7996-n5-1600-c1.jpg\"><img loading=\"lazy\" decoding=\"async\" class=\"size-full wp-image-2655\" title=\"IMG_7996-n5-1600-c1\" src=\"http:\/\/blog.francescophoto.it\/wp-content\/uploads\/2009\/11\/img_7996-n5-1600-c1.jpg\" alt=\"\" width=\"400\" height=\"400\" \/><\/a><figcaption id=\"caption-attachment-2655\" class=\"wp-caption-text\">1600 Iso<\/figcaption><\/figure>\n<figure id=\"attachment_2656\" aria-describedby=\"caption-attachment-2656\" style=\"width: 400px\" class=\"wp-caption alignnone\"><a href=\"http:\/\/blog.francescophoto.it\/wp-content\/uploads\/2009\/11\/img_8038-n5-3200-c2.jpg\"><img loading=\"lazy\" decoding=\"async\" class=\"size-full wp-image-2656\" title=\"IMG_8038-n5-3200-c2\" src=\"http:\/\/blog.francescophoto.it\/wp-content\/uploads\/2009\/11\/img_8038-n5-3200-c2.jpg\" alt=\"\" width=\"400\" height=\"400\" \/><\/a><figcaption id=\"caption-attachment-2656\" class=\"wp-caption-text\">3200 Iso<\/figcaption><\/figure>\n<figure id=\"attachment_2657\" aria-describedby=\"caption-attachment-2657\" style=\"width: 400px\" class=\"wp-caption alignnone\"><a href=\"http:\/\/blog.francescophoto.it\/wp-content\/uploads\/2009\/11\/img_8048-n5-6400-c2.jpg\"><img loading=\"lazy\" decoding=\"async\" class=\"size-full wp-image-2657\" title=\"IMG_8048-n5-6400-c2\" src=\"http:\/\/blog.francescophoto.it\/wp-content\/uploads\/2009\/11\/img_8048-n5-6400-c2.jpg\" alt=\"\" width=\"400\" height=\"400\" \/><\/a><figcaption id=\"caption-attachment-2657\" class=\"wp-caption-text\">6400 Iso<\/figcaption><\/figure>\n<figure id=\"attachment_2658\" aria-describedby=\"caption-attachment-2658\" style=\"width: 400px\" class=\"wp-caption alignnone\"><a href=\"http:\/\/blog.francescophoto.it\/wp-content\/uploads\/2009\/11\/img_8030-n5-12800-c1.jpg\"><img loading=\"lazy\" decoding=\"async\" class=\"size-full wp-image-2658\" title=\"IMG_8030-n5-12800-c1\" src=\"http:\/\/blog.francescophoto.it\/wp-content\/uploads\/2009\/11\/img_8030-n5-12800-c1.jpg\" alt=\"\" width=\"400\" height=\"400\" \/><\/a><figcaption id=\"caption-attachment-2658\" class=\"wp-caption-text\">12800 Iso<\/figcaption><\/figure>\n<figure id=\"attachment_2659\" aria-describedby=\"caption-attachment-2659\" style=\"width: 400px\" class=\"wp-caption alignnone\"><a href=\"http:\/\/blog.francescophoto.it\/wp-content\/uploads\/2009\/11\/img_9061-1000-c2.jpg\"><img loading=\"lazy\" decoding=\"async\" class=\"size-full wp-image-2659\" title=\"IMG_9061-1000-c2\" src=\"http:\/\/blog.francescophoto.it\/wp-content\/uploads\/2009\/11\/img_9061-1000-c2.jpg\" alt=\"\" width=\"400\" height=\"400\" \/><\/a><figcaption id=\"caption-attachment-2659\" class=\"wp-caption-text\">Canon 5D II - 1000 Iso<\/figcaption><\/figure>\n<figure id=\"attachment_2662\" aria-describedby=\"caption-attachment-2662\" style=\"width: 400px\" class=\"wp-caption alignnone\"><a href=\"http:\/\/blog.francescophoto.it\/wp-content\/uploads\/2009\/11\/dsc_8294-1600-c12.jpg\"><img loading=\"lazy\" decoding=\"async\" class=\"size-full wp-image-2662\" title=\"DSC_8294-1600-c1\" src=\"http:\/\/blog.francescophoto.it\/wp-content\/uploads\/2009\/11\/dsc_8294-1600-c12.jpg\" alt=\"\" width=\"400\" height=\"400\" \/><\/a><figcaption id=\"caption-attachment-2662\" class=\"wp-caption-text\">Nikon D80 - 1600 Iso<\/figcaption><\/figure>\n<figure id=\"attachment_2663\" aria-describedby=\"caption-attachment-2663\" style=\"width: 400px\" class=\"wp-caption alignnone\"><a href=\"http:\/\/blog.francescophoto.it\/wp-content\/uploads\/2009\/11\/dsc_8274-3200-c1.jpg\"><img loading=\"lazy\" decoding=\"async\" class=\"size-full wp-image-2663\" title=\"DSC_8274-3200-c1\" src=\"http:\/\/blog.francescophoto.it\/wp-content\/uploads\/2009\/11\/dsc_8274-3200-c1.jpg\" alt=\"\" width=\"400\" height=\"400\" \/><\/a><figcaption id=\"caption-attachment-2663\" class=\"wp-caption-text\">Nikon D80 - 3200 Iso<\/figcaption><\/figure>\n","protected":false},"excerpt":{"rendered":"<p>Inserisco in questa pagina i crop al 100 % dalle foto originali per chi per lentezza del collegamento o per motivi di tempo non pu\u00f2 o non vuole scaricarsi le foto in formato pieno, ma vuole valutarne la qualit\u00e0 Avverto per\u00f2 che la foto intera a formato pieno, con le dimensioni visualizzate sul monitor, corrisponde &hellip; <a href=\"https:\/\/francescophoto.it\/blog\/canon-7d-crop-al-100\/\" class=\"more-link\">Continua la lettura di <span class=\"screen-reader-text\">Canon 7D crop al 100 %<\/span> <span class=\"meta-nav\">&rarr;<\/span><\/a><\/p>\n","protected":false},"author":1,"featured_media":0,"parent":0,"menu_order":0,"comment_status":"closed","ping_status":"open","template":"","meta":{"footnotes":""},"class_list":["post-2600","page","type-page","status-publish","hentry"],"jetpack_sharing_enabled":true,"_links":{"self":[{"href":"https:\/\/francescophoto.it\/blog\/wp-json\/wp\/v2\/pages\/2600","targetHints":{"allow":["GET"]}}],"collection":[{"href":"https:\/\/francescophoto.it\/blog\/wp-json\/wp\/v2\/pages"}],"about":[{"href":"https:\/\/francescophoto.it\/blog\/wp-json\/wp\/v2\/types\/page"}],"author":[{"embeddable":true,"href":"https:\/\/francescophoto.it\/blog\/wp-json\/wp\/v2\/users\/1"}],"replies":[{"embeddable":true,"href":"https:\/\/francescophoto.it\/blog\/wp-json\/wp\/v2\/comments?post=2600"}],"version-history":[{"count":0,"href":"https:\/\/francescophoto.it\/blog\/wp-json\/wp\/v2\/pages\/2600\/revisions"}],"wp:attachment":[{"href":"https:\/\/francescophoto.it\/blog\/wp-json\/wp\/v2\/media?parent=2600"}],"curies":[{"name":"wp","href":"https:\/\/api.w.org\/{rel}","templated":true}]}}