{"id":2598,"date":"2009-11-30T13:30:58","date_gmt":"2009-11-30T12:30:58","guid":{"rendered":"http:\/\/francescophoto.wordpress.com\/?page_id=2598"},"modified":"2009-11-30T13:30:58","modified_gmt":"2009-11-30T12:30:58","slug":"canon-7d-foto-originali","status":"publish","type":"page","link":"https:\/\/francescophoto.it\/blog\/canon-7d-foto-originali\/","title":{"rendered":"Canon 7D foto originali"},"content":{"rendered":"<p>Per visualizzare le foto nel formato originale clickarvi sopra col mouse.<br \/>\nLe foto sono di grandi dimensioni, da 14 a 19 Mb, quindi scaricatele solo con una connessione ADSL ad alta velocit\u00e0.<\/p>\n<p>Nell&#8217;osservare le foto tenete conto che se viste per intero sarebbero delle dimensioni di circa <strong>150&#215;100 cm<\/strong> e quindi si osserverebbero dalla distanza di circa 2 metri e non 50 cm come si fa con un monitor pc. I difetti ed il rumore quindi sarebbero molto meno visibili.<\/p>\n<p>Osservando le immagini sul monitor infatti si vede che sullo sfondo grigio il rumore \u00e8 percepibile gi\u00e0 a 800 Iso e elevato a 12800.\u00a0 Sul viso della modella invece non \u00e8 visibile a 800 Iso, visibile solo nelle parti scure a 1600 e a 3200. A 6400 \u00e8 invece visibile e a 12800 molto visibile.<\/p>\n<p>Provate per\u00f2, dopo aver centrato il volto sullo schermo, ad allontanarvi di almeno 2 metri dal monitor per fare come si farebbe per osservare la foto se fosse visualizzata interamente all&#8217;ingrandimento corrispondente a quello visulizzato sullo schermo, cio\u00e8 circa 150 x 100 cm.<br \/>\nIl rumore a questo punto non \u00e8 pi\u00f9 cos\u00ec visibile e le foto appaiono molto nitide e dettagliate.<br \/>\nIn questo modo devono essere valutate le foto di queste dimensioni (come Mpx) e non limitandosi ad osservale sul monitor per cercare con la lente le tracce di rumore.<\/p>\n<figure id=\"attachment_2630\" aria-describedby=\"caption-attachment-2630\" style=\"width: 400px\" class=\"wp-caption alignnone\"><a href=\"http:\/\/farm3.static.flickr.com\/2501\/4144406231_b11386b979_o.jpg\"><img loading=\"lazy\" decoding=\"async\" class=\"size-full wp-image-2630 \" title=\"IMG_8020-n5-ssmall\" src=\"http:\/\/blog.francescophoto.it\/wp-content\/uploads\/2009\/11\/img_8020-n5-ssmall.jpg\" alt=\"\" width=\"400\" height=\"267\" \/><\/a><figcaption id=\"caption-attachment-2630\" class=\"wp-caption-text\">800 Iso<\/figcaption><\/figure>\n<figure id=\"attachment_2633\" aria-describedby=\"caption-attachment-2633\" style=\"width: 400px\" class=\"wp-caption alignnone\"><a href=\"http:\/\/farm3.static.flickr.com\/2491\/4144384743_86d12e0489_o.jpg\"><img loading=\"lazy\" decoding=\"async\" class=\"size-full wp-image-2633\" title=\"IMG_8042-n5-ssmall\" src=\"http:\/\/blog.francescophoto.it\/wp-content\/uploads\/2009\/11\/img_8042-n5-ssmall.jpg\" alt=\"\" width=\"400\" height=\"267\" \/><\/a><figcaption id=\"caption-attachment-2633\" class=\"wp-caption-text\">800 Iso<\/figcaption><\/figure>\n<figure id=\"attachment_2634\" aria-describedby=\"caption-attachment-2634\" style=\"width: 400px\" class=\"wp-caption alignnone\"><a href=\"http:\/\/farm3.static.flickr.com\/2786\/4139617640_f71d243489_o.jpg\"><img loading=\"lazy\" decoding=\"async\" class=\"size-full wp-image-2634\" title=\"IMG_7995-n5-ssmall\" src=\"http:\/\/blog.francescophoto.it\/wp-content\/uploads\/2009\/11\/img_7995-n5-ssmall.jpg\" alt=\"\" width=\"400\" height=\"267\" \/><\/a><figcaption id=\"caption-attachment-2634\" class=\"wp-caption-text\">1600 Iso<\/figcaption><\/figure>\n<figure id=\"attachment_2635\" aria-describedby=\"caption-attachment-2635\" style=\"width: 267px\" class=\"wp-caption alignnone\"><a href=\"http:\/\/farm3.static.flickr.com\/2752\/4138951131_d410c02434_o.jpg\"><img loading=\"lazy\" decoding=\"async\" class=\"size-full wp-image-2635\" title=\"IMG_7996-n5-ssmall\" src=\"http:\/\/blog.francescophoto.it\/wp-content\/uploads\/2009\/11\/img_7996-n5-ssmall.jpg\" alt=\"\" width=\"267\" height=\"400\" \/><\/a><figcaption id=\"caption-attachment-2635\" class=\"wp-caption-text\">1600 Iso<\/figcaption><\/figure>\n<figure id=\"attachment_2636\" aria-describedby=\"caption-attachment-2636\" style=\"width: 400px\" class=\"wp-caption alignnone\"><a href=\"http:\/\/farm3.static.flickr.com\/2638\/4145214504_2f0417e513_o.jpg\"><img loading=\"lazy\" decoding=\"async\" class=\"size-full wp-image-2636\" title=\"IMG_8040-n5-ssmall\" src=\"http:\/\/blog.francescophoto.it\/wp-content\/uploads\/2009\/11\/img_8040-n5-ssmall.jpg\" alt=\"\" width=\"400\" height=\"267\" \/><\/a><figcaption id=\"caption-attachment-2636\" class=\"wp-caption-text\">1600 Iso<\/figcaption><\/figure>\n<figure id=\"attachment_2641\" aria-describedby=\"caption-attachment-2641\" style=\"width: 267px\" class=\"wp-caption alignnone\"><a href=\"http:\/\/farm3.static.flickr.com\/2579\/4139724206_733e32707e_o.jpg\"><img loading=\"lazy\" decoding=\"async\" class=\"size-full wp-image-2641\" title=\"IMG_8003-n5-ssmall\" src=\"http:\/\/blog.francescophoto.it\/wp-content\/uploads\/2009\/11\/img_8003-n5-ssmall.jpg\" alt=\"\" width=\"267\" height=\"400\" \/><\/a><figcaption id=\"caption-attachment-2641\" class=\"wp-caption-text\">3200 Iso<\/figcaption><\/figure>\n<figure id=\"attachment_2642\" aria-describedby=\"caption-attachment-2642\" style=\"width: 400px\" class=\"wp-caption alignnone\"><a href=\"http:\/\/farm3.static.flickr.com\/2728\/4145191074_ebf98bf960_o.jpg\"><img loading=\"lazy\" decoding=\"async\" class=\"size-full wp-image-2642\" title=\"IMG_8038-n5-ssmall\" src=\"http:\/\/blog.francescophoto.it\/wp-content\/uploads\/2009\/11\/img_8038-n5-ssmall.jpg\" alt=\"\" width=\"400\" height=\"267\" \/><\/a><figcaption id=\"caption-attachment-2642\" class=\"wp-caption-text\">3200 Iso<\/figcaption><\/figure>\n<figure id=\"attachment_2643\" aria-describedby=\"caption-attachment-2643\" style=\"width: 400px\" class=\"wp-caption alignnone\"><a href=\"http:\/\/farm3.static.flickr.com\/2776\/4139738180_49de5c488c_o.jpg\"><img loading=\"lazy\" decoding=\"async\" class=\"size-full wp-image-2643\" title=\"IMG_8012-n5-ssmall\" src=\"http:\/\/blog.francescophoto.it\/wp-content\/uploads\/2009\/11\/img_8012-n5-ssmall.jpg\" alt=\"\" width=\"400\" height=\"267\" \/><\/a><figcaption id=\"caption-attachment-2643\" class=\"wp-caption-text\">6400 Iso<\/figcaption><\/figure>\n<figure id=\"attachment_2644\" aria-describedby=\"caption-attachment-2644\" style=\"width: 400px\" class=\"wp-caption alignnone\"><a href=\"http:\/\/farm3.static.flickr.com\/2761\/4144480971_3eae6a7cfa_o.jpg\"><img loading=\"lazy\" decoding=\"async\" class=\"size-full wp-image-2644\" title=\"IMG_8017-n5-ssmall\" src=\"http:\/\/blog.francescophoto.it\/wp-content\/uploads\/2009\/11\/img_8017-n5-ssmall.jpg\" alt=\"\" width=\"400\" height=\"267\" \/><\/a><figcaption id=\"caption-attachment-2644\" class=\"wp-caption-text\">6400 Iso<\/figcaption><\/figure>\n<figure id=\"attachment_2645\" aria-describedby=\"caption-attachment-2645\" style=\"width: 400px\" class=\"wp-caption alignnone\"><a href=\"http:\/\/farm3.static.flickr.com\/2537\/4145267180_21af63eca5_o.jpg\"><img loading=\"lazy\" decoding=\"async\" class=\"size-full wp-image-2645 \" title=\"IMG_8019-n5-ssmall\" src=\"http:\/\/blog.francescophoto.it\/wp-content\/uploads\/2009\/11\/img_8019-n5-ssmall.jpg\" alt=\"\" width=\"400\" height=\"267\" \/><\/a><figcaption id=\"caption-attachment-2645\" class=\"wp-caption-text\">6400 Iso<\/figcaption><\/figure>\n<figure id=\"attachment_2647\" aria-describedby=\"caption-attachment-2647\" style=\"width: 400px\" class=\"wp-caption alignnone\"><a href=\"http:\/\/farm3.static.flickr.com\/2781\/4144600995_fa93e59286_o.jpg\"><img loading=\"lazy\" decoding=\"async\" class=\"size-full wp-image-2647\" title=\"IMG_8047-n5-ssmall\" src=\"http:\/\/blog.francescophoto.it\/wp-content\/uploads\/2009\/11\/img_8047-n5-ssmall1.jpg\" alt=\"\" width=\"400\" height=\"267\" \/><\/a><figcaption id=\"caption-attachment-2647\" class=\"wp-caption-text\">6400 Iso<\/figcaption><\/figure>\n<figure id=\"attachment_2648\" aria-describedby=\"caption-attachment-2648\" style=\"width: 400px\" class=\"wp-caption alignnone\"><a href=\"http:\/\/farm3.static.flickr.com\/2656\/4145384752_100ba40a61_o.jpg\"><img loading=\"lazy\" decoding=\"async\" class=\"size-full wp-image-2648\" title=\"IMG_8048-n5-ssmall\" src=\"http:\/\/blog.francescophoto.it\/wp-content\/uploads\/2009\/11\/img_8048-n5-ssmall.jpg\" alt=\"\" width=\"400\" height=\"267\" \/><\/a><figcaption id=\"caption-attachment-2648\" class=\"wp-caption-text\">6400 Iso<\/figcaption><\/figure>\n<figure id=\"attachment_2649\" aria-describedby=\"caption-attachment-2649\" style=\"width: 400px\" class=\"wp-caption alignnone\"><a href=\"http:\/\/farm3.static.flickr.com\/2702\/4145316338_76c3362474_o.jpg\"><img loading=\"lazy\" decoding=\"async\" class=\"size-full wp-image-2649\" title=\"IMG_8030-n5-ssmall\" src=\"http:\/\/blog.francescophoto.it\/wp-content\/uploads\/2009\/11\/img_8030-n5-ssmall.jpg\" alt=\"\" width=\"400\" height=\"267\" \/><\/a><figcaption id=\"caption-attachment-2649\" class=\"wp-caption-text\">12800 Iso<\/figcaption><\/figure>\n<figure id=\"attachment_2727\" aria-describedby=\"caption-attachment-2727\" style=\"width: 400px\" class=\"wp-caption alignnone\"><a href=\"http:\/\/www.flickr.com\/photos\/francescoc\/4200061759\/sizes\/o\/\"><img loading=\"lazy\" decoding=\"async\" class=\"size-full wp-image-2727\" title=\"_MG_3746-ssmall\" src=\"http:\/\/blog.francescophoto.it\/wp-content\/uploads\/2009\/11\/mg_3746-ssmall.jpg\" alt=\"\" width=\"400\" height=\"267\" \/><\/a><figcaption id=\"caption-attachment-2727\" class=\"wp-caption-text\">800 Iso<\/figcaption><\/figure>\n<figure id=\"attachment_2729\" aria-describedby=\"caption-attachment-2729\" style=\"width: 400px\" class=\"wp-caption alignnone\"><a href=\"http:\/\/www.flickr.com\/photos\/francescoc\/4200828740\/sizes\/o\/\"><img loading=\"lazy\" decoding=\"async\" class=\"size-full wp-image-2729\" title=\"_MG_3832-ssmall\" src=\"http:\/\/blog.francescophoto.it\/wp-content\/uploads\/2009\/11\/mg_3832-ssmall.jpg\" alt=\"\" width=\"400\" height=\"267\" \/><\/a><figcaption id=\"caption-attachment-2729\" class=\"wp-caption-text\">1600 Iso<\/figcaption><\/figure>\n<figure id=\"attachment_2730\" aria-describedby=\"caption-attachment-2730\" style=\"width: 400px\" class=\"wp-caption alignnone\"><a href=\"http:\/\/www.flickr.com\/photos\/francescoc\/4200087131\/sizes\/o\/\"><img loading=\"lazy\" decoding=\"async\" class=\"size-full wp-image-2730\" title=\"_MG_3818-ssmall\" src=\"http:\/\/blog.francescophoto.it\/wp-content\/uploads\/2009\/11\/mg_3818-ssmall.jpg\" alt=\"\" width=\"400\" height=\"267\" \/><\/a><figcaption id=\"caption-attachment-2730\" class=\"wp-caption-text\">3200 Iso<\/figcaption><\/figure>\n<figure id=\"attachment_2731\" aria-describedby=\"caption-attachment-2731\" style=\"width: 400px\" class=\"wp-caption alignnone\"><a href=\"http:\/\/www.flickr.com\/photos\/francescoc\/4200099715\/sizes\/o\/\"><img loading=\"lazy\" decoding=\"async\" class=\"size-full wp-image-2731\" title=\"_MG_3820-ssmall\" src=\"http:\/\/blog.francescophoto.it\/wp-content\/uploads\/2009\/11\/mg_3820-ssmall.jpg\" alt=\"\" width=\"400\" height=\"267\" \/><\/a><figcaption id=\"caption-attachment-2731\" class=\"wp-caption-text\">3200 Iso<\/figcaption><\/figure>\n<figure id=\"attachment_2732\" aria-describedby=\"caption-attachment-2732\" style=\"width: 400px\" class=\"wp-caption alignnone\"><a href=\"http:\/\/www.flickr.com\/photos\/francescoc\/4200113205\/sizes\/o\/\"><img loading=\"lazy\" decoding=\"async\" class=\"size-full wp-image-2732\" title=\"_MG_3825-ssmall\" src=\"http:\/\/blog.francescophoto.it\/wp-content\/uploads\/2009\/11\/mg_3825-ssmall.jpg\" alt=\"\" width=\"400\" height=\"267\" \/><\/a><figcaption id=\"caption-attachment-2732\" class=\"wp-caption-text\">3200 Iso<\/figcaption><\/figure>\n<figure id=\"attachment_2733\" aria-describedby=\"caption-attachment-2733\" style=\"width: 400px\" class=\"wp-caption alignnone\"><a href=\"http:\/\/www.flickr.com\/photos\/francescoc\/4200126609\/sizes\/o\/\"><img loading=\"lazy\" decoding=\"async\" class=\"size-full wp-image-2733\" title=\"_MG_3777-ssmall\" src=\"http:\/\/blog.francescophoto.it\/wp-content\/uploads\/2009\/11\/mg_3777-ssmall.jpg\" alt=\"\" width=\"400\" height=\"267\" \/><\/a><figcaption id=\"caption-attachment-2733\" class=\"wp-caption-text\">6400 Iso<\/figcaption><\/figure>\n<figure id=\"attachment_2734\" aria-describedby=\"caption-attachment-2734\" style=\"width: 400px\" class=\"wp-caption alignnone\"><a href=\"http:\/\/www.flickr.com\/photos\/francescoc\/4200893414\/sizes\/o\/\"><img loading=\"lazy\" decoding=\"async\" class=\"size-full wp-image-2734\" title=\"_MG_3805-ssmall\" src=\"http:\/\/blog.francescophoto.it\/wp-content\/uploads\/2009\/11\/mg_3805-ssmall.jpg\" alt=\"\" width=\"400\" height=\"267\" \/><\/a><figcaption id=\"caption-attachment-2734\" class=\"wp-caption-text\">6400 Iso<\/figcaption><\/figure>\n<figure id=\"attachment_2735\" aria-describedby=\"caption-attachment-2735\" style=\"width: 400px\" class=\"wp-caption alignnone\"><a href=\"http:\/\/www.flickr.com\/photos\/francescoc\/4200907080\/sizes\/o\/\"><img loading=\"lazy\" decoding=\"async\" class=\"size-full wp-image-2735\" title=\"_MG_3807-ssmall\" src=\"http:\/\/blog.francescophoto.it\/wp-content\/uploads\/2009\/11\/mg_3807-ssmall.jpg\" alt=\"\" width=\"400\" height=\"267\" \/><\/a><figcaption id=\"caption-attachment-2735\" class=\"wp-caption-text\">6400 Iso<\/figcaption><\/figure>\n<figure id=\"attachment_2736\" aria-describedby=\"caption-attachment-2736\" style=\"width: 400px\" class=\"wp-caption alignnone\"><a href=\"http:\/\/www.flickr.com\/photos\/francescoc\/4200165257\/sizes\/o\/\"><img loading=\"lazy\" decoding=\"async\" class=\"size-full wp-image-2736\" title=\"_MG_3814-ssmall\" src=\"http:\/\/blog.francescophoto.it\/wp-content\/uploads\/2009\/11\/mg_3814-ssmall.jpg\" alt=\"\" width=\"400\" height=\"267\" \/><\/a><figcaption id=\"caption-attachment-2736\" class=\"wp-caption-text\">6400 Iso<\/figcaption><\/figure>\n<figure id=\"attachment_2737\" aria-describedby=\"caption-attachment-2737\" style=\"width: 400px\" class=\"wp-caption alignnone\"><a href=\"http:\/\/www.flickr.com\/photos\/francescoc\/4200177423\/sizes\/o\/\"><img loading=\"lazy\" decoding=\"async\" class=\"size-full wp-image-2737\" title=\"_MG_3855-ssmall\" src=\"http:\/\/blog.francescophoto.it\/wp-content\/uploads\/2009\/11\/mg_3855-ssmall.jpg\" alt=\"\" width=\"400\" height=\"267\" \/><\/a><figcaption id=\"caption-attachment-2737\" class=\"wp-caption-text\">6400 Iso<\/figcaption><\/figure>\n<figure id=\"attachment_2738\" aria-describedby=\"caption-attachment-2738\" style=\"width: 400px\" class=\"wp-caption alignnone\"><a href=\"http:\/\/www.flickr.com\/photos\/francescoc\/4200189907\/sizes\/o\/\"><img loading=\"lazy\" decoding=\"async\" class=\"size-full wp-image-2738\" title=\"_MG_3857-ssmall\" src=\"http:\/\/blog.francescophoto.it\/wp-content\/uploads\/2009\/11\/mg_3857-ssmall.jpg\" alt=\"\" width=\"400\" height=\"267\" \/><\/a><figcaption id=\"caption-attachment-2738\" class=\"wp-caption-text\">6400 Iso<\/figcaption><\/figure>\n<figure id=\"attachment_2739\" aria-describedby=\"caption-attachment-2739\" style=\"width: 400px\" class=\"wp-caption alignnone\"><a href=\"http:\/\/www.flickr.com\/photos\/francescoc\/4200205397\/sizes\/o\/\"><img loading=\"lazy\" decoding=\"async\" class=\"size-full wp-image-2739\" title=\"_MG_3793-ssmall\" src=\"http:\/\/blog.francescophoto.it\/wp-content\/uploads\/2009\/11\/mg_3793-ssmall.jpg\" alt=\"\" width=\"400\" height=\"267\" \/><\/a><figcaption id=\"caption-attachment-2739\" class=\"wp-caption-text\">12800 Iso<\/figcaption><\/figure>\n<figure id=\"attachment_2740\" aria-describedby=\"caption-attachment-2740\" style=\"width: 400px\" class=\"wp-caption alignnone\"><a href=\"http:\/\/www.flickr.com\/photos\/francescoc\/4200975934\/sizes\/o\/\"><img loading=\"lazy\" decoding=\"async\" class=\"size-full wp-image-2740\" title=\"_MG_3799-ssmall\" src=\"http:\/\/blog.francescophoto.it\/wp-content\/uploads\/2009\/11\/mg_3799-ssmall.jpg\" alt=\"\" width=\"400\" height=\"267\" \/><\/a><figcaption id=\"caption-attachment-2740\" class=\"wp-caption-text\">12800 Iso<\/figcaption><\/figure>\n<figure id=\"attachment_2742\" aria-describedby=\"caption-attachment-2742\" style=\"width: 400px\" class=\"wp-caption alignnone\"><a href=\"http:\/\/www.flickr.com\/photos\/francescoc\/4200990030\/sizes\/o\/\"><img loading=\"lazy\" decoding=\"async\" class=\"size-full wp-image-2742\" title=\"_MG_3867-ssmall\" src=\"http:\/\/blog.francescophoto.it\/wp-content\/uploads\/2009\/11\/mg_3867-ssmall.jpg\" alt=\"\" width=\"400\" height=\"267\" \/><\/a><figcaption id=\"caption-attachment-2742\" class=\"wp-caption-text\">12800 Iso<\/figcaption><\/figure>\n<figure id=\"attachment_2743\" aria-describedby=\"caption-attachment-2743\" style=\"width: 400px\" class=\"wp-caption alignnone\"><a href=\"http:\/\/www.flickr.com\/photos\/francescoc\/4201005866\/sizes\/o\/\"><img loading=\"lazy\" decoding=\"async\" class=\"size-full wp-image-2743\" title=\"_MG_3868-ssmall\" src=\"http:\/\/blog.francescophoto.it\/wp-content\/uploads\/2009\/11\/mg_3868-ssmall.jpg\" alt=\"\" width=\"400\" height=\"267\" \/><\/a><figcaption id=\"caption-attachment-2743\" class=\"wp-caption-text\">12800 Iso<\/figcaption><\/figure>\n","protected":false},"excerpt":{"rendered":"<p>Per visualizzare le foto nel formato originale clickarvi sopra col mouse. Le foto sono di grandi dimensioni, da 14 a 19 Mb, quindi scaricatele solo con una connessione ADSL ad alta velocit\u00e0. Nell&#8217;osservare le foto tenete conto che se viste per intero sarebbero delle dimensioni di circa 150&#215;100 cm e quindi si osserverebbero dalla distanza &hellip; <a href=\"https:\/\/francescophoto.it\/blog\/canon-7d-foto-originali\/\" class=\"more-link\">Continua la lettura di <span class=\"screen-reader-text\">Canon 7D foto originali<\/span> <span class=\"meta-nav\">&rarr;<\/span><\/a><\/p>\n","protected":false},"author":1,"featured_media":0,"parent":0,"menu_order":0,"comment_status":"closed","ping_status":"open","template":"","meta":{"footnotes":""},"class_list":["post-2598","page","type-page","status-publish","hentry"],"jetpack_sharing_enabled":true,"_links":{"self":[{"href":"https:\/\/francescophoto.it\/blog\/wp-json\/wp\/v2\/pages\/2598","targetHints":{"allow":["GET"]}}],"collection":[{"href":"https:\/\/francescophoto.it\/blog\/wp-json\/wp\/v2\/pages"}],"about":[{"href":"https:\/\/francescophoto.it\/blog\/wp-json\/wp\/v2\/types\/page"}],"author":[{"embeddable":true,"href":"https:\/\/francescophoto.it\/blog\/wp-json\/wp\/v2\/users\/1"}],"replies":[{"embeddable":true,"href":"https:\/\/francescophoto.it\/blog\/wp-json\/wp\/v2\/comments?post=2598"}],"version-history":[{"count":0,"href":"https:\/\/francescophoto.it\/blog\/wp-json\/wp\/v2\/pages\/2598\/revisions"}],"wp:attachment":[{"href":"https:\/\/francescophoto.it\/blog\/wp-json\/wp\/v2\/media?parent=2598"}],"curies":[{"name":"wp","href":"https:\/\/api.w.org\/{rel}","templated":true}]}}